{"id":13,"date":"2026-01-14T03:43:06","date_gmt":"2026-01-14T03:43:06","guid":{"rendered":"https:\/\/vieinfinity.com\/?page_id=13"},"modified":"2026-04-14T08:55:57","modified_gmt":"2026-04-14T08:55:57","slug":"about-us","status":"publish","type":"page","link":"https:\/\/vieinfinity.com\/vi\/","title":{"rendered":"V\u1ec0 CH\u00daNG T\u00d4I"},"content":{"rendered":"<div class=\"wp-block-stackable-columns alignfull stk-block-columns stk-block stk-414f7eb stk-block-background stk--has-background-overlay\" data-block-id=\"414f7eb\"><style>.stk-414f7eb {background-image:url(https:\/\/vieinfinity.com\/wp-content\/uploads\/2026\/02\/NN7_4203-scaled.webp) !important;background-position:top center !important;min-height:100vh !important;align-items:flex-start !important;display:flex !important;}@media screen and (max-width:999px){.stk-414f7eb {background-image:url(https:\/\/vieinfinity.com\/wp-content\/uploads\/2026\/02\/Untitled-1082-x-1920-px.png) !important;}}@media screen and (max-width:689px){.stk-414f7eb {background-image:url(https:\/\/vieinfinity.com\/wp-content\/uploads\/2026\/02\/Untitled-design-8.png) !important;}}<\/style><div class=\"stk-row stk-inner-blocks stk-block-content stk-content-align stk-414f7eb-column alignfull\">\n<div class=\"wp-block-stackable-column stk-block-column stk-column stk-block stk-8d612cb\" data-v=\"4\" data-block-id=\"8d612cb\"><style>.stk-8d612cb-container{margin-top:50px !important;}.stk-8d612cb {max-width:65% !important;min-width:auto !important;padding-right:100px !important;margin-top:60px !important;margin-right:0px !important;margin-left:auto !important;}@media screen and (max-width:999px){.stk-8d612cb {max-width:100vw !important;min-width:auto !important;padding-right:var(--stk--preset--spacing--none, 0px) !important;}}<\/style><div class=\"stk-column-wrapper stk-block-column__content stk-container stk-8d612cb-container stk--no-background stk--no-padding\"><div class=\"has-text-align-right stk-block-content stk-inner-blocks stk-8d612cb-inner-blocks\">\n<p id=\"gspb_heading-id-gsbp-73052b4\" class=\"gspb_heading gspb_heading-id-gsbp-73052b4\" data-aos=\"fade\" data-aos-delay=\"1500\" data-aos-easing=\"ease\" data-aos-duration=\"2500\"><strong>\u201cFrench Omakase\u201d<\/strong> <\/p>\n\n\n\n<div id=\"gspb_heading-id-gsbp-980ceb8\" class=\"gspb_heading gspb_heading-id-gsbp-980ceb8\" data-aos=\"fade\" data-aos-delay=\"1500\" data-aos-easing=\"ease\" data-aos-duration=\"2500\">M\u1ed9t h\u00e0nh tr\u00ecnh v\u1ecb gi\u00e1c \u0111\u00fac k\u1ebft t\u1eeb k\u1ef9 thu\u1eadt \u1ea9m th\u1ef1c Ph\u00e1p v\u00e0 <br>h\u1ea3i s\u1ea3n tinh ch\u1ecdn c\u1ee7a v\u00f9ng bi\u1ec3n Vi\u1ec7t Nam.<\/div>\n\n\n\n<div id=\"gspb_heading-id-gsbp-4def4f0\" class=\"gspb_heading gspb_heading-id-gsbp-4def4f0\" data-aos=\"fade\" data-aos-delay=\"1500\" data-aos-easing=\"ease\" data-aos-duration=\"2500\">M\u1ed9t h\u00e0nh tr\u00ecnh v\u1ecb gi\u00e1c \u0111\u00fac k\u1ebft t\u1eeb k\u1ef9 thu\u1eadt \u1ea9m th\u1ef1c Ph\u00e1p v\u00e0 h\u1ea3i s\u1ea3n tinh ch\u1ecdn c\u1ee7a v\u00f9ng bi\u1ec3n Vi\u1ec7t Nam.<\/div>\n\n\n\n<h5 id=\"gspb_heading-id-gsbp-9b87874\" class=\"gspb_heading gspb_heading-id-gsbp-9b87874\" data-aos=\"fade\" data-aos-delay=\"2300\" data-aos-easing=\"ease-in\" data-aos-duration=\"2000\"><em>\u201cCu\u1ed9c s\u1ed1ng l\u00e0 ngu\u1ed3n c\u1ea3m h\u1ee9ng b\u1ea5t t\u1eadn.\u201d<\/em><\/h5>\n<\/div><\/div><\/div>\n<\/div><\/div>\n\n\n\n<h2 id=\"gspb_heading-id-gsbp-e02ecdd\" class=\"gspb_heading gspb_heading-id-gsbp-e02ecdd\"><span class=\"text-anim text-anim--loader js-text-anim\"><span class=\"text-anim__wrapper js-text-anim__wrapper\"><\/span><\/span>V\u00d2NG L\u1eb6P V\u00d4 H\u1ea0N<\/h2>\n\n\n\n<div class=\"wp-block-greenshift-blocks-row gspb_row gspb_row-id-gsbp-ef995ff\" id=\"gspb_row-id-gsbp-ef995ff\"><div class=\"gspb_row__content\"> \n<div class=\"wp-block-greenshift-blocks-row-column gspb_row__col--4 gspb_col-id-gsbp-15d75d9\" id=\"gspb_col-id-gsbp-15d75d9\">\n<p id=\"gspb_heading-id-gsbp-a841ebc\" class=\"gspb_heading gspb_heading-id-gsbp-a841ebc\"><span class=\"text-anim text-anim--loader js-text-anim\" data-loop=\"off\">French Omakase: <span class=\"text-anim__wrapper js-text-anim__wrapper\"><span class=\"text-anim__word js-text-anim__word text-anim__word--in\">N\u01a0I KH\u1edeI \u0110\u1ea6U<\/span><\/span><\/span><\/p>\n\n\n\n<div class=\"wp-block-stackable-image-box stk-block-image-box stk-hover-parent stk-block stk-f4cd560 is-style-default\" data-block-id=\"f4cd560\"><style>.stk-f4cd560 {border-top-left-radius:25px !important;border-top-right-radius:25px !important;border-bottom-right-radius:25px !important;border-bottom-left-radius:25px !important;overflow:hidden !important;margin-bottom:35px !important;}<\/style><div class=\"stk-block-content stk-inner-blocks has-text-align-center stk-row stk-block-image-box__content\">\n<div class=\"wp-block-stackable-image stk-block-image stk-block stk-d19168d\" data-block-id=\"d19168d\"><style>.stk-d19168d .stk-img-wrapper{width:100% !important;height:223px !important;}:where(.stk-hover-parent:hover,  .stk-hover-parent.stk--is-hovered) .stk-d19168d .stk-img-wrapper img{transform:scale(1.15) !important;}.stk-d19168d .stk-img-wrapper::after{background-color:var(--theme-palette-color-4, #000000) !important;}@media screen and (max-width:999px){.stk-d19168d .stk-img-wrapper{height:300px !important;}}<\/style><figure><span class=\"stk-img-wrapper stk-image--shape-stretch\"><img loading=\"lazy\" decoding=\"async\" class=\"stk-img wp-image-116\" src=\"https:\/\/vieinfinity.com\/wp-content\/uploads\/2026\/02\/CaptureOne9761.jpg\" width=\"100\" height=\"223\"\/><\/span><\/figure><\/div>\n\n\n\n<div class=\"wp-block-stackable-column stk-block-column stk-column stk-block stk-c065186\" data-v=\"4\" data-block-id=\"c065186\"><style>.stk-c065186-container{margin-top:0px !important;margin-right:0px !important;margin-bottom:0px !important;margin-left:0px !important;}.stk-c065186 {align-self:flex-end !important;padding-top:40px !important;padding-right:40px !important;padding-bottom:40px !important;padding-left:40px !important;}<\/style><div class=\"stk-column-wrapper stk-block-column__content stk-container stk-c065186-container stk--no-background stk--no-padding\"><div class=\"has-text-align-left stk-block-content stk-inner-blocks stk-c065186-inner-blocks\">\n<div class=\"wp-block-buttons is-content-justification-center is-layout-flex wp-container-core-buttons-is-layout-a89b3969 wp-block-buttons-is-layout-flex\">\n<div class=\"wp-block-button\"><a class=\"wp-block-button__link wp-element-button\" href=\"https:\/\/vieinfinity.com\/vi\/reservations\/\">\u0110\u1eb7t b\u00e0n<\/a><\/div>\n<\/div>\n<\/div><\/div><\/div>\n<\/div><\/div>\n\n\n\n<p id=\"gspb_text-id-gsbp-e4dd7ff\" class=\"gspb_text gspb_text-id-gsbp-e4dd7ff\"><strong>\u201cCh\u00fang t\u00f4i tr\u00e2n tr\u1ecdng t\u1eebng chi ti\u1ebft c\u1ee7a m\u00f3n \u0103n, \u0111\u1ec3 m\u1ecdi th\u1ee9 \u0111\u01b0\u1ee3c d\u00f9ng \u0111\u00fang l\u00fac, \u0111\u00fang m\u00f9a, h\u1ea1n ch\u1ebf s\u1eed d\u1ee5ng d\u01b0 th\u1eeba nguy\u00ean li\u1ec7u.\u201d<\/strong><\/p>\n\n\n\n<p id=\"gspb_text-id-gsbp-f142898\" class=\"gspb_text gspb_text-id-gsbp-f142898\">Tinh th\u1ea7n \u1ea5y d\u1eabn l\u1ed1i cho c\u00e1c m\u00f3n \u0103n theo m\u00f9a c\u1ee7a Vie8. Vi\u1ec7c n\u1ea5u \u0103n \u1edf \u0111\u00e2y b\u1eaft \u0111\u1ea7u t\u1eeb s\u1ef1 t\u00f4n tr\u1ecdng, v\u1edbi th\u1ee9c \u0103n v\u00e0 v\u1edbi nh\u1eefng con ng\u01b0\u1eddi \u0111\u1ee9ng sau ch\u00fang.<\/p>\n\n\n\n<p id=\"gspb_text-id-gsbp-a63a441\" class=\"gspb_text gspb_text-id-gsbp-a63a441\">Nguy\u00ean li\u1ec7u t\u1ea1i Vie8 \u0111\u01b0\u1ee3c ch\u1ecdn \u0111a ph\u1ea7n t\u1eeb nh\u1eefng khu v\u1ef1c v\u00e0 ngu\u1ed3n bi\u1ec3n \u0111\u1ecba ph\u01b0\u01a1ng, \u0111\u01b0\u1ee3c s\u1eed d\u1ee5ng tr\u1ecdn v\u1eb9n, v\u1edbi s\u1ef1 c\u00e2n nh\u1eafc v\u00e0 ch\u0103m ch\u00fat trong t\u1eebng c\u00f4ng \u0111o\u1ea1n.<\/p>\n\n\n\n<p id=\"gspb_text-id-gsbp-ccc5375\" class=\"gspb_text gspb_text-id-gsbp-ccc5375\">M\u1ed9t tr\u1ea3i nghi\u1ec7m \u1ea9m th\u1ef1c b\u1ec1n v\u1eefng, h\u01b0\u1edbng v\u1ec1 t\u01b0\u01a1ng lai c\u1ee7a bi\u1ec3n Vi\u1ec7t Nam.<\/p>\n<\/div>\n\n\n\n<div class=\"wp-block-greenshift-blocks-row-column gspb_row__col--4 gspb_col-id-gsbp-a0d3fe2\" id=\"gspb_col-id-gsbp-a0d3fe2\">\n<p id=\"gspb_heading-id-gsbp-fe6bfaf\" class=\"gspb_heading gspb_heading-id-gsbp-fe6bfaf\"><span class=\"text-anim text-anim--loader js-text-anim\" data-loop=\"off\">Pastry: <span class=\"text-anim__wrapper js-text-anim__wrapper\"><span class=\"text-anim__word js-text-anim__word text-anim__word--in\">D\u01af V\u1eca<\/span><\/span><\/span><\/p>\n\n\n\n<div class=\"wp-block-stackable-image-box stk-block-image-box stk-hover-parent stk-block stk-2edf144 is-style-default\" data-block-id=\"2edf144\"><style>.stk-2edf144 {border-top-left-radius:25px !important;border-top-right-radius:25px !important;border-bottom-right-radius:25px !important;border-bottom-left-radius:25px !important;overflow:hidden !important;margin-bottom:35px !important;}<\/style><div class=\"stk-block-content stk-inner-blocks has-text-align-center stk-row stk-block-image-box__content\">\n<div class=\"wp-block-stackable-image stk-block-image stk-block stk-8e98e08\" data-block-id=\"8e98e08\"><style>.stk-8e98e08 .stk-img-wrapper{width:100% !important;height:223px !important;}:where(.stk-hover-parent:hover,  .stk-hover-parent.stk--is-hovered) .stk-8e98e08 .stk-img-wrapper img{transform:scale(1.15) !important;}.stk-8e98e08 .stk-img-wrapper::after{background-color:var(--theme-palette-color-4, #000000) !important;}@media screen and (max-width:999px){.stk-8e98e08 .stk-img-wrapper{height:300px !important;}}<\/style><figure><span class=\"stk-img-wrapper stk-image--shape-stretch\"><img loading=\"lazy\" decoding=\"async\" class=\"stk-img wp-image-253\" src=\"https:\/\/vieinfinity.com\/wp-content\/uploads\/2026\/03\/1U5A3536-2-1-scaled.jpg\" width=\"2560\" height=\"1578\" srcset=\"https:\/\/vieinfinity.com\/wp-content\/uploads\/2026\/03\/1U5A3536-2-1-scaled.jpg 2560w, https:\/\/vieinfinity.com\/wp-content\/uploads\/2026\/03\/1U5A3536-2-1-300x185.jpg 300w, https:\/\/vieinfinity.com\/wp-content\/uploads\/2026\/03\/1U5A3536-2-1-1024x631.jpg 1024w, https:\/\/vieinfinity.com\/wp-content\/uploads\/2026\/03\/1U5A3536-2-1-768x473.jpg 768w, https:\/\/vieinfinity.com\/wp-content\/uploads\/2026\/03\/1U5A3536-2-1-1536x947.jpg 1536w, https:\/\/vieinfinity.com\/wp-content\/uploads\/2026\/03\/1U5A3536-2-1-2048x1262.jpg 2048w, https:\/\/vieinfinity.com\/wp-content\/uploads\/2026\/03\/1U5A3536-2-1-18x12.jpg 18w\" sizes=\"auto, (max-width: 2560px) 100vw, 2560px\" \/><\/span><\/figure><\/div>\n\n\n\n<div class=\"wp-block-stackable-column stk-block-column stk-column stk-block stk-42bacfb\" data-v=\"4\" data-block-id=\"42bacfb\"><style>.stk-42bacfb-container{margin-top:0px !important;margin-right:0px !important;margin-bottom:0px !important;margin-left:0px !important;}.stk-42bacfb {align-self:flex-end !important;padding-top:40px !important;padding-right:40px !important;padding-bottom:40px !important;padding-left:40px !important;}<\/style><div class=\"stk-column-wrapper stk-block-column__content stk-container stk-42bacfb-container stk--no-background stk--no-padding\"><div class=\"has-text-align-left stk-block-content stk-inner-blocks stk-42bacfb-inner-blocks\">\n<div class=\"wp-block-buttons is-content-justification-center is-layout-flex wp-container-core-buttons-is-layout-a89b3969 wp-block-buttons-is-layout-flex\">\n<div class=\"wp-block-button\"><a class=\"wp-block-button__link wp-element-button\" href=\"https:\/\/www.instagram.com\/vie8.pastry\/\" target=\"_blank\" rel=\"noopener\">Order<\/a><\/div>\n<\/div>\n<\/div><\/div><\/div>\n<\/div><\/div>\n\n\n\n<p><strong>\u201cTr\u00e1ng mi\u1ec7ng c\u1ee7a Vie8 kh\u00f4ng ch\u1ec9 d\u1eebng l\u1ea1i tr\u00ean b\u00e0n \u0103n.\u201d<\/strong><\/p>\n\n\n\n<p id=\"gspb_text-id-gsbp-30238bd\" class=\"gspb_text gspb_text-id-gsbp-30238bd\">Nh\u1eefng m\u00f3n tr\u00e1ng mi\u1ec7ng mang theo h\u01b0\u01a1ng v\u1ecb, c\u1ea3m x\u00fac v\u00e0 m\u1ed9t ph\u1ea7n tinh th\u1ea7n c\u1ee7a Vie8, c\u00f3 th\u1ec3 th\u01b0\u1edfng th\u1ee9c \u1edf b\u1ea5t c\u1ee9 \u0111\u00e2u.<\/p>\n\n\n\n<p id=\"gspb_text-id-gsbp-2583191\" class=\"gspb_text gspb_text-id-gsbp-2583191\">V\u1eabn gi\u1eef s\u1ef1 c\u00e2n b\u1eb1ng v\u00e0 ti\u1ebft ch\u1ebf nh\u01b0 trong th\u1ef1c \u0111\u01a1n ch\u00ednh, ch\u00fang t\u00f4i s\u1eed d\u1ee5ng nguy\u00ean li\u1ec7u \u0111\u1ecba ph\u01b0\u01a1ng, t\u1ea1o v\u1ecb ng\u1ecdt nh\u1eb9, v\u00e0 bao b\u00ec th\u00e2n thi\u1ec7n v\u1edbi m\u00f4i tr\u01b0\u1eddng.<\/p>\n\n\n\n<p id=\"gspb_text-id-gsbp-7254fc2\" class=\"gspb_text gspb_text-id-gsbp-7254fc2\">T\u1eeb nh\u1eefng chi\u1ebfc b\u00e1nh nh\u1ecf, ni\u1ec1m vui \u0111\u01b0\u1ee3c nu\u00f4i d\u01b0\u1ee1ng v\u00e0 ti\u1ebfp n\u1ed1i.<\/p>\n<\/div>\n\n\n\n<div class=\"wp-block-greenshift-blocks-row-column gspb_row__col--4 gspb_col-id-gsbp-fcb38c4\" id=\"gspb_col-id-gsbp-fcb38c4\">\n<p id=\"gspb_heading-id-gsbp-6ab3580\" class=\"gspb_heading gspb_heading-id-gsbp-6ab3580\"><span class=\"text-anim text-anim--loader js-text-anim\" data-loop=\"off\">Cooking Class: <span class=\"text-anim__wrapper js-text-anim__wrapper\"><span class=\"text-anim__word js-text-anim__word text-anim__word--in\">S\u1ef0 TI\u1ebeP N\u1ed0I<\/span><\/span><\/span><\/p>\n\n\n\n<div class=\"wp-block-stackable-image-box stk-block-image-box stk-hover-parent stk-block stk-366788e is-style-default\" data-block-id=\"366788e\"><style>.stk-366788e {border-top-left-radius:25px !important;border-top-right-radius:25px !important;border-bottom-right-radius:25px !important;border-bottom-left-radius:25px !important;overflow:hidden !important;margin-bottom:35px !important;}<\/style><div class=\"stk-block-content stk-inner-blocks has-text-align-center stk-row stk-block-image-box__content\">\n<div class=\"wp-block-stackable-image stk-block-image stk-block stk-ed6858f\" data-block-id=\"ed6858f\"><style>.stk-ed6858f .stk-img-wrapper{width:100% !important;height:223px !important;}:where(.stk-hover-parent:hover,  .stk-hover-parent.stk--is-hovered) .stk-ed6858f .stk-img-wrapper img{transform:scale(1.15) !important;}.stk-ed6858f .stk-img-wrapper::after{background-color:var(--theme-palette-color-4, #000000) !important;}@media screen and (max-width:999px){.stk-ed6858f .stk-img-wrapper{height:300px !important;}}<\/style><figure><span class=\"stk-img-wrapper stk-image--shape-stretch\"><img loading=\"lazy\" decoding=\"async\" class=\"stk-img wp-image-128\" src=\"https:\/\/vieinfinity.com\/wp-content\/uploads\/2026\/02\/NN7_4307-scaled.jpg\" width=\"2560\" height=\"1661\" srcset=\"https:\/\/vieinfinity.com\/wp-content\/uploads\/2026\/02\/NN7_4307-scaled.jpg 2560w, https:\/\/vieinfinity.com\/wp-content\/uploads\/2026\/02\/NN7_4307-300x195.jpg 300w, https:\/\/vieinfinity.com\/wp-content\/uploads\/2026\/02\/NN7_4307-1024x664.jpg 1024w, https:\/\/vieinfinity.com\/wp-content\/uploads\/2026\/02\/NN7_4307-768x498.jpg 768w, https:\/\/vieinfinity.com\/wp-content\/uploads\/2026\/02\/NN7_4307-1536x997.jpg 1536w, https:\/\/vieinfinity.com\/wp-content\/uploads\/2026\/02\/NN7_4307-2048x1329.jpg 2048w, https:\/\/vieinfinity.com\/wp-content\/uploads\/2026\/02\/NN7_4307-18x12.jpg 18w\" sizes=\"auto, (max-width: 2560px) 100vw, 2560px\" \/><\/span><\/figure><\/div>\n\n\n\n<div class=\"wp-block-stackable-column stk-block-column stk-column stk-block stk-0551f3d\" data-v=\"4\" data-block-id=\"0551f3d\"><style>.stk-0551f3d-container{margin-top:0px !important;margin-right:0px !important;margin-bottom:0px !important;margin-left:0px !important;}.stk-0551f3d {align-self:flex-end !important;padding-top:40px !important;padding-right:40px !important;padding-bottom:40px !important;padding-left:40px !important;}<\/style><div class=\"stk-column-wrapper stk-block-column__content stk-container stk-0551f3d-container stk--no-background stk--no-padding\"><div class=\"has-text-align-left stk-block-content stk-inner-blocks stk-0551f3d-inner-blocks\">\n<div class=\"wp-block-buttons is-content-justification-center is-layout-flex wp-container-core-buttons-is-layout-a89b3969 wp-block-buttons-is-layout-flex\">\n<div class=\"wp-block-button\"><a class=\"wp-block-button__link wp-element-button\" href=\"https:\/\/vieinfinity.com\/vi\/reservations\/\">Coming Soon<\/a><\/div>\n<\/div>\n<\/div><\/div><\/div>\n<\/div><\/div>\n\n\n\n<p><strong>\u201cL\u1edbp h\u1ecdc n\u1ea5u \u0103n c\u1ee7a Vie8 s\u1ebd s\u1edbm ra m\u1eaft.\u201d<\/strong><\/p>\n\n\n\n<p id=\"gspb_text-id-gsbp-b31de6c\" class=\"gspb_text gspb_text-id-gsbp-b31de6c\">Trong c\u0103n b\u1ebfp n\u00e0y, \u0111i\u1ec1u \u0111\u01b0\u1ee3c chia s\u1ebb kh\u00f4ng \u0111\u01a1n thu\u1ea7n l\u00e0 c\u00e1ch n\u1ea5u, m\u00e0 l\u00e0 c\u00e1ch ngh\u0129 v\u00e0 c\u00e1ch l\u00e0m vi\u1ec7c v\u1edbi nguy\u00ean li\u1ec7u. H\u1ecdc c\u00e1ch quan s\u00e1t, t\u1eadn d\u1ee5ng nh\u1eefng g\u00ec \u0111ang c\u00f3, v\u00e0 n\u1ea5u \u0103n m\u1ed9t c\u00e1ch ti\u1ebft ch\u1ebf, kh\u00f4ng d\u01b0 th\u1eeba.<\/p>\n\n\n\n<p id=\"gspb_text-id-gsbp-170ca87\" class=\"gspb_text gspb_text-id-gsbp-170ca87\">Ch\u00fang t\u00f4i mong r\u1eb1ng nh\u1eefng g\u00ec kh\u1edfi \u0111\u1ea7u t\u1eeb gian b\u1ebfp Vie8 s\u1ebd ti\u1ebfp t\u1ee5c \u0111\u01b0\u1ee3c n\u1ea5u l\u00ean \u1edf nh\u1eefng n\u01a1i kh\u00e1c, b\u1eb1ng nh\u1eefng \u0111\u00f4i tay kh\u00e1c.<\/p>\n\n\n\n<p id=\"gspb_text-id-gsbp-91e9f1e\" class=\"gspb_text gspb_text-id-gsbp-91e9f1e\">M\u1ed9t b\u1eefa c\u01a1m gia \u0111\u00ecnh. M\u1ed9t th\u00f3i quen \u0111\u01b0\u1ee3c gi\u1eef l\u1ea1i.<\/p>\n\n\n\n<p id=\"gspb_text-id-gsbp-565d76d\" class=\"gspb_text gspb_text-id-gsbp-565d76d\">M\u1ed9t \u0111i\u1ec1u \u0111\u00e1ng \u0111\u1ec3 quay v\u1ec1.<\/p>\n<\/div>\n <\/div><\/div>\n\n\n\n<h3 id=\"gspb_heading-id-gsbp-5049276\" class=\"gspb_heading gspb_heading-id-gsbp-5049276\" data-aos=\"fade-right\" data-aos-easing=\"ease\" data-aos-duration=\"800\"><span class=\"text-anim text-anim--loader js-text-anim\">Just because of the <span class=\"text-anim__wrapper js-text-anim__wrapper\"><span class=\"text-anim__word js-text-anim__word text-anim__word--in\">creativity<\/span><span class=\"text-anim__word js-text-anim__word\">inspiration<\/span><span class=\"text-anim__word js-text-anim__word\">passion<\/span><\/span><\/span> in your mind<\/h3>\n\n\n\n<div style=\"height:30px\" aria-hidden=\"true\" class=\"wp-block-spacer\"><\/div>","protected":false},"excerpt":{"rendered":"","protected":false},"author":1,"featured_media":0,"parent":0,"menu_order":0,"comment_status":"closed","ping_status":"closed","template":"","meta":{"_gspb_post_css":"#gspb_heading-id-gsbp-73052b4{transition-duration:2.5s;transition-timing-function:var(--gs-root-animation-easing, cubic-bezier(0.42, 0, 0.58, 1));transition-delay:0s;opacity:var(--gs-root-animation-opacity, 0);transition-property:opacity,transform,filter;font-size:25px}#gspb_heading-id-gsbp-73052b4.aos-animate,#gspb_heading-id-gsbp-73052b4[data-gs-aos]{transition-delay:1.5s;--gs-root-animation-delay:1.5s;opacity:1;transform:translateZ(0)}@media (max-width:991.98px){#gspb_heading-id-gsbp-73052b4{font-size:25px}}@media (max-width:575.98px){#gspb_heading-id-gsbp-73052b4{font-size:25px}}#gspb_heading-id-gsbp-73052b4,#gspb_heading-id-gsbp-73052b4 .gsap-g-line{text-align:right!important}#gspb_heading-id-gsbp-73052b4{color:var(--wp--preset--color--palette-color-1, var(--theme-palette-color-1, #4C3D19));margin-top:0;margin-bottom:0}@media (max-width:575.98px){#gspb_heading-id-gsbp-73052b4{margin-bottom:6px}}#gspb_heading-id-gsbp-980ceb8{transition-duration:2.5s;transition-timing-function:var(--gs-root-animation-easing, cubic-bezier(0.42, 0, 0.58, 1));transition-delay:0s;opacity:var(--gs-root-animation-opacity, 0);transition-property:opacity,transform,filter;font-size:25px}#gspb_heading-id-gsbp-980ceb8.aos-animate,#gspb_heading-id-gsbp-980ceb8[data-gs-aos]{transition-delay:1.5s;--gs-root-animation-delay:1.5s;opacity:1;transform:translateZ(0)}@media (max-width:991.98px){#gspb_heading-id-gsbp-980ceb8{font-size:25px}}@media (max-width:575.98px){#gspb_heading-id-gsbp-980ceb8{font-size:22px}}#gspb_heading-id-gsbp-980ceb8,#gspb_heading-id-gsbp-980ceb8 .gsap-g-line{text-align:right!important}#gspb_heading-id-gsbp-980ceb8{font-weight:500!important}@media (max-width:991.98px){#gspb_heading-id-gsbp-980ceb8{font-weight:500!important}}@media (max-width:767.98px){#gspb_heading-id-gsbp-980ceb8{font-weight:500!important}}@media (max-width:575.98px){#gspb_heading-id-gsbp-980ceb8{font-weight:500!important}}#gspb_heading-id-gsbp-980ceb8{color:var(--wp--preset--color--palette-color-1, var(--theme-palette-color-1, #4C3D19));margin-top:0;margin-bottom:20px}@media (max-width:575.98px){body #gspb_heading-id-gsbp-980ceb8{display:none!important}}@media (min-width:768px) and (max-width:991.98px){body #gspb_heading-id-gsbp-980ceb8{display:none!important}}#gspb_heading-id-gsbp-4def4f0{transition-duration:2.5s;transition-timing-function:var(--gs-root-animation-easing, cubic-bezier(0.42, 0, 0.58, 1));transition-delay:0s;opacity:var(--gs-root-animation-opacity, 0);transition-property:opacity,transform,filter;font-size:25px}#gspb_heading-id-gsbp-4def4f0.aos-animate,#gspb_heading-id-gsbp-4def4f0[data-gs-aos]{transition-delay:1.5s;--gs-root-animation-delay:1.5s;opacity:1;transform:translateZ(0)}@media (max-width:991.98px){#gspb_heading-id-gsbp-4def4f0{font-size:25px}}@media (max-width:575.98px){#gspb_heading-id-gsbp-4def4f0{font-size:22px}}#gspb_heading-id-gsbp-4def4f0,#gspb_heading-id-gsbp-4def4f0 .gsap-g-line{text-align:right!important}#gspb_heading-id-gsbp-4def4f0{font-weight:500!important}@media (max-width:991.98px){#gspb_heading-id-gsbp-4def4f0{font-weight:500!important}}@media (max-width:767.98px){#gspb_heading-id-gsbp-4def4f0{font-weight:500!important}}@media (max-width:575.98px){#gspb_heading-id-gsbp-4def4f0{font-weight:500!important}}#gspb_heading-id-gsbp-4def4f0{color:var(--wp--preset--color--palette-color-1, var(--theme-palette-color-1, #4C3D19));margin-top:0;margin-bottom:20px}@media (min-width:992px){body #gspb_heading-id-gsbp-4def4f0{display:none!important}}#gspb_heading-id-gsbp-9b87874{transition-duration:2s;transition-timing-function:ease-in;transition-delay:0s;opacity:var(--gs-root-animation-opacity, 0);transition-property:opacity,transform,filter;font-size:20px}#gspb_heading-id-gsbp-9b87874.aos-animate,#gspb_heading-id-gsbp-9b87874[data-gs-aos]{transition-delay:2.3s;--gs-root-animation-delay:2.3s;opacity:1;transform:translateZ(0)}@media (max-width:575.98px){#gspb_heading-id-gsbp-9b87874{font-size:18px}}#gspb_heading-id-gsbp-9b87874{color:#5e6f81;margin-top:0;margin-bottom:0}@media (max-width:575.98px){#gspb_heading-id-gsbp-9b87874{margin-bottom:0}}#gspb_heading-id-gsbp-e02ecdd,#gspb_heading-id-gsbp-e02ecdd .gsap-g-line{text-align:center!important}#gspb_heading-id-gsbp-e02ecdd .text-anim--loader{--text-anim-duration:0.5s;--text-anim-pause:1.5s}#gspb_row-id-gsbp-ef995ff{justify-content:space-between;margin-top:0;display:flex;flex-wrap:wrap;margin-bottom:0}#gspb_row-id-gsbp-ef995ff>.gspb_row__content{display:flex;justify-content:space-between;margin:0 auto;width:100%;flex-wrap:wrap}.gspb_row{position:relative}div[id^=gspb_col-id]{box-sizing:border-box;position:relative;padding:var(--gs-row-column-padding, 15px min(3vw, 20px))}body.gspb-bodyfront #gspb_row-id-gsbp-ef995ff>.gspb_row__content{width:var(--theme-container-width, 1200px);max-width:var(--theme-normal-container-max-width, 1200px)}#gspb_col-id-gsbp-15d75d9.gspb_row__col--4{width:33.333333333333336%}@media (max-width:575.98px){#gspb_col-id-gsbp-15d75d9.gspb_row__col--4{width:100%}}#gspb_heading-id-gsbp-a841ebc,#gspb_heading-id-gsbp-a841ebc .gsap-g-line{text-align:center!important}#gspb_heading-id-gsbp-a841ebc .text-anim--loader{--text-anim-duration:0.5s;--text-anim-pause:1.5s}.gspb_text-id-gsbp-a63a441,.gspb_text-id-gsbp-ccc5375,.gspb_text-id-gsbp-f142898{font-size:14px}#gspb_col-id-gsbp-a0d3fe2.gspb_row__col--4{width:33.333333333333336%}@media (max-width:575.98px){#gspb_col-id-gsbp-a0d3fe2.gspb_row__col--4{width:100%}}#gspb_heading-id-gsbp-fe6bfaf,#gspb_heading-id-gsbp-fe6bfaf .gsap-g-line{text-align:center!important}#gspb_heading-id-gsbp-fe6bfaf .text-anim--loader{--text-anim-duration:0.5s;--text-anim-pause:1.5s}#gspb_col-id-gsbp-fcb38c4.gspb_row__col--4{width:33.333333333333336%}@media (max-width:575.98px){#gspb_col-id-gsbp-fcb38c4.gspb_row__col--4{width:100%}}#gspb_heading-id-gsbp-6ab3580,#gspb_heading-id-gsbp-6ab3580 .gsap-g-line{text-align:center!important}#gspb_heading-id-gsbp-6ab3580 .text-anim--loader{--text-anim-duration:0.5s;--text-anim-pause:1.5s}.gspb_text-id-gsbp-170ca87,.gspb_text-id-gsbp-2583191,.gspb_text-id-gsbp-30238bd,.gspb_text-id-gsbp-565d76d,.gspb_text-id-gsbp-7254fc2,.gspb_text-id-gsbp-91e9f1e,.gspb_text-id-gsbp-b31de6c{font-size:14px}#gspb_heading-id-gsbp-5049276{transition-duration:.8s;transition-timing-function:var(--gs-root-animation-easing, cubic-bezier(0.42, 0, 0.58, 1));opacity:var(--gs-root-animation-opacity, 0);transition-property:opacity,transform,filter;transform:var(--gs-root-animation-transform, translate3d(calc(max(50px, 15%) * -1), 0, 0))}#gspb_heading-id-gsbp-5049276.aos-animate,#gspb_heading-id-gsbp-5049276[data-gs-aos]{opacity:1;transform:translateZ(0)}#gspb_heading-id-gsbp-5049276,#gspb_heading-id-gsbp-5049276 .gsap-g-line{text-align:center!important}.text-anim__word,.text-anim__wrapper{position:relative;display:inline-block}.text-anim__word{position:absolute;top:0;left:0;z-index:1}.text-anim__word--in{position:relative;z-index:2}#gspb_heading-id-gsbp-5049276 .text-anim--loader{--text-anim-duration:0.5s;--text-anim-pause:1.5s}.text-anim--loader .text-anim__word{color:transparent;transition:color .2s}.text-anim--loader .text-anim__word::after{content:'';position:absolute;left:0;bottom:-2px;height:2px;width:100%;background-color:currentColor;transform-origin:left center;transform:translateY(100%) scaleX(0);transition:transform var(--text-anim-duration) cubic-bezier(.215,.61,.355,1)}.text-anim--loader .text-anim__word--in{color:currentColor}.text-anim--loader .text-anim__word--in::after{transform:translateY(100%) scaleX(1)}.text-anim--loader .text-anim__word--out{color:transparent}.text-anim--loader .text-anim__word--out::after{transition:none;transform:translateY(100%) scaleX(0)}","footnotes":""},"class_list":["post-13","page","type-page","status-publish","hentry"],"blocksy_meta":{"has_hero_section":"disabled","styles_descriptor":{"styles":{"desktop":"","tablet":"","mobile":""},"google_fonts":[],"version":6},"vertical_spacing_source":"custom","content_area_spacing":"bottom"},"_links":{"self":[{"href":"https:\/\/vieinfinity.com\/vi\/wp-json\/wp\/v2\/pages\/13","targetHints":{"allow":["GET"]}}],"collection":[{"href":"https:\/\/vieinfinity.com\/vi\/wp-json\/wp\/v2\/pages"}],"about":[{"href":"https:\/\/vieinfinity.com\/vi\/wp-json\/wp\/v2\/types\/page"}],"author":[{"embeddable":true,"href":"https:\/\/vieinfinity.com\/vi\/wp-json\/wp\/v2\/users\/1"}],"replies":[{"embeddable":true,"href":"https:\/\/vieinfinity.com\/vi\/wp-json\/wp\/v2\/comments?post=13"}],"version-history":[{"count":51,"href":"https:\/\/vieinfinity.com\/vi\/wp-json\/wp\/v2\/pages\/13\/revisions"}],"predecessor-version":[{"id":267,"href":"https:\/\/vieinfinity.com\/vi\/wp-json\/wp\/v2\/pages\/13\/revisions\/267"}],"wp:attachment":[{"href":"https:\/\/vieinfinity.com\/vi\/wp-json\/wp\/v2\/media?parent=13"}],"curies":[{"name":"wp","href":"https:\/\/api.w.org\/{rel}","templated":true}]}}