{"id":16,"date":"2026-01-14T03:47:23","date_gmt":"2026-01-14T03:47:23","guid":{"rendered":"https:\/\/vieinfinity.com\/?page_id=16"},"modified":"2026-03-13T01:57:38","modified_gmt":"2026-03-13T01:57:38","slug":"our-maison","status":"publish","type":"page","link":"https:\/\/vieinfinity.com\/vi\/our-maison\/","title":{"rendered":"KH\u00d4NG GIAN"},"content":{"rendered":"<div class=\"wp-block-stackable-spacer alignfull stk-block-spacer stk--no-padding stk-block stk-841a88d stk-block-background\" data-block-id=\"841a88d\"><style>.stk-841a88d {height:86px !important;background-color:#5e6f81 !important;}.stk-841a88d:before{background-color:#5e6f81 !important;}<\/style><\/div>\n\n\n\n<div class=\"wp-block-stackable-columns alignfull stk-block-columns stk-block stk-070caf1\" data-block-id=\"070caf1\"><style>.stk-070caf1 {min-height:100vh !important;margin-bottom:50px !important;}<\/style><div class=\"stk-row stk-inner-blocks stk-block-content stk-content-align stk-070caf1-column alignfull\">\n<div class=\"wp-block-stackable-column stk-block-column stk-column stk-block stk-48a9e2d\" data-v=\"4\" data-block-id=\"48a9e2d\"><div class=\"stk-column-wrapper stk-block-column__content stk-container stk-48a9e2d-container stk--no-background stk--no-padding\"><div class=\"stk-block-content stk-inner-blocks stk-48a9e2d-inner-blocks\">\n<div class=\"wp-block-stackable-carousel stk-block-carousel stk--is-slide stk--infinite-scroll stk--arrows-justify-space-between stk--arrows-align-center stk-block stk-dd8919d\" data-slides-to-show=\"\" data-block-id=\"dd8919d\"><style>.stk-dd8919d {min-height:100vh !important;}<\/style><div class=\"stk-block-carousel__content-wrapper\"><div class=\"stk-row stk-inner-blocks stk-block-content stk-block-carousel__slider-wrapper stk-content-align stk-dd8919d-column\"><div class=\"stk-block-carousel__slider\" role=\"list\" data-autoplay=\"4000\" data-label-slide-of=\"Slide %%d of %%d\" tabindex=\"0\">\n<div class=\"wp-block-stackable-column stk-block-column stk-column stk-block stk-ec6183d\" data-v=\"4\" data-block-id=\"ec6183d\"><div class=\"stk-column-wrapper stk-block-column__content stk-container stk-ec6183d-container stk--no-background stk--no-padding\"><div class=\"stk-block-content stk-inner-blocks stk-ec6183d-inner-blocks\">\n<div class=\"wp-block-stackable-image-box stk-block-image-box stk-hover-parent stk-block stk-31ebbbf stk-block-background is-style-plain stk--has-background-overlay\" data-block-id=\"31ebbbf\"><style>.stk-31ebbbf {background-image:url(https:\/\/vieinfinity.com\/wp-content\/uploads\/2026\/02\/1U5A3382-1-scaled.jpg) !important;background-position:center center !important;min-height:100vh !important;align-items:flex-end !important;display:flex !important;}@media screen and (max-width:999px){.stk-31ebbbf {background-image:url(https:\/\/vieinfinity.com\/wp-content\/uploads\/2026\/02\/1U5A3354-scaled.jpg) !important;background-position:center center !important;}}@media screen and (max-width:689px){.stk-31ebbbf {background-image:url(https:\/\/vieinfinity.com\/wp-content\/uploads\/2026\/03\/TheVilla-scaled.jpg) !important;background-position:bottom center !important;}}<\/style><div class=\"stk-block-content stk-inner-blocks has-text-align-left stk-row stk-block-image-box__content\">\n<div class=\"wp-block-stackable-column stk-block-column stk-column stk-block stk-bded75e\" data-v=\"4\" data-block-id=\"bded75e\"><style>.stk-bded75e-inner-blocks{justify-content:flex-end !important;}.stk-bded75e-container{padding-top:32px !important;padding-right:32px !important;padding-bottom:68px !important;padding-left:68px !important;display:flex !important;}<\/style><div class=\"stk-column-wrapper stk-block-column__content stk-container stk-bded75e-container stk--no-background stk--no-padding\"><div class=\"stk-block-content stk-inner-blocks stk-bded75e-inner-blocks\">\n<div class=\"wp-block-stackable-heading stk-block-heading stk-block-heading--v2 stk-block stk-c23989b\" id=\"the-villa\" data-block-id=\"c23989b\"><style>.stk-c23989b .stk-block-heading__text{color:#FFFFFF !important;}<\/style><h2 class=\"stk-block-heading__text has-text-color has-white-color\">To\u00e0n c\u1ea3nh<\/h2><\/div>\n\n\n\n<div class=\"wp-block-buttons is-layout-flex wp-block-buttons-is-layout-flex\">\n<div class=\"wp-block-button is-style-fill\"><a class=\"wp-block-button__link has-palette-color-1-color has-palette-color-8-background-color has-text-color has-background has-link-color wp-element-button\" href=\"https:\/\/vieinfinity.com\/vi\/reservations\/\">\u0110\u1eb7t b\u00e0n<\/a><\/div>\n<\/div>\n<\/div><\/div><\/div>\n<\/div><\/div>\n<\/div><\/div><\/div>\n\n\n\n<div class=\"wp-block-stackable-column stk-block-column stk-column stk-block stk-02c42b1\" data-v=\"4\" data-block-id=\"02c42b1\"><div class=\"stk-column-wrapper stk-block-column__content stk-container stk-02c42b1-container stk--no-background stk--no-padding\"><div class=\"stk-block-content stk-inner-blocks stk-02c42b1-inner-blocks\">\n<div class=\"wp-block-stackable-image-box stk-block-image-box stk-hover-parent stk-block stk-53a781f stk-block-background is-style-plain stk--has-background-overlay\" data-block-id=\"53a781f\"><style>.stk-53a781f {min-height:100vh !important;align-items:flex-end !important;display:flex !important;}@media screen and (max-width:689px){.stk-53a781f {background-image:url(https:\/\/vieinfinity.com\/wp-content\/uploads\/2026\/03\/Chefstable-scaled.jpg) !important;}}<\/style><div class=\"stk-block-content stk-inner-blocks has-text-align-left stk-row stk-block-image-box__content\">\n<div class=\"wp-block-stackable-column stk-block-column stk-column stk-block stk-c3aed27\" data-v=\"4\" data-block-id=\"c3aed27\"><style>.stk-c3aed27-inner-blocks{justify-content:flex-end !important;}.stk-c3aed27-container{padding-top:32px !important;padding-right:32px !important;padding-bottom:68px !important;padding-left:68px !important;display:flex !important;}<\/style><div class=\"stk-column-wrapper stk-block-column__content stk-container stk-c3aed27-container stk--no-background stk--no-padding\"><div class=\"stk-block-content stk-inner-blocks stk-c3aed27-inner-blocks\">\n<div class=\"wp-block-stackable-heading stk-block-heading stk-block-heading--v2 stk-block stk-2cc98a2\" id=\"chefs-table\" data-block-id=\"2cc98a2\"><style>.stk-2cc98a2 .stk-block-heading__text{color:#FFFFFF !important;}<\/style><h2 class=\"stk-block-heading__text has-text-color has-white-color\">Chef&#8217;s Table<\/h2><\/div>\n\n\n\n<div class=\"wp-block-buttons is-layout-flex wp-block-buttons-is-layout-flex\">\n<div class=\"wp-block-button\"><a class=\"wp-block-button__link has-palette-color-1-color has-palette-color-8-background-color has-text-color has-background has-link-color wp-element-button\" href=\"https:\/\/vieinfinity.com\/vi\/reservations\/\">\u0110\u1eb7t b\u00e0n<\/a><\/div>\n<\/div>\n<\/div><\/div><\/div>\n<\/div><\/div>\n<\/div><\/div><\/div>\n\n\n\n<div class=\"wp-block-stackable-column stk-block-column stk-column stk-block stk-5ebfe80\" data-v=\"4\" data-block-id=\"5ebfe80\"><div class=\"stk-column-wrapper stk-block-column__content stk-container stk-5ebfe80-container stk--no-background stk--no-padding\"><div class=\"stk-block-content stk-inner-blocks stk-5ebfe80-inner-blocks\">\n<div class=\"wp-block-stackable-image-box stk-block-image-box stk-hover-parent stk-block stk-4093c5c stk-block-background is-style-plain stk--has-background-overlay\" data-block-id=\"4093c5c\"><style>.stk-4093c5c {min-height:100vh !important;align-items:flex-end !important;display:flex !important;}@media screen and (max-width:689px){.stk-4093c5c {background-image:url(https:\/\/vieinfinity.com\/wp-content\/uploads\/2026\/03\/DiningArea.jpg) !important;}}<\/style><div class=\"stk-block-content stk-inner-blocks has-text-align-left stk-row stk-block-image-box__content\">\n<div class=\"wp-block-stackable-column stk-block-column stk-column stk-block stk-13cf6a2\" data-v=\"4\" data-block-id=\"13cf6a2\"><style>.stk-13cf6a2-inner-blocks{justify-content:flex-end !important;}.stk-13cf6a2-container{padding-top:32px !important;padding-right:32px !important;padding-bottom:68px !important;padding-left:68px !important;display:flex !important;}<\/style><div class=\"stk-column-wrapper stk-block-column__content stk-container stk-13cf6a2-container stk--no-background stk--no-padding\"><div class=\"stk-block-content stk-inner-blocks stk-13cf6a2-inner-blocks\">\n<div class=\"wp-block-stackable-heading stk-block-heading stk-block-heading--v2 stk-block stk-56b7cac\" id=\"dining-area\" data-block-id=\"56b7cac\"><style>.stk-56b7cac .stk-block-heading__text{color:#FFFFFF !important;}<\/style><h2 class=\"stk-block-heading__text has-text-color has-white-color\">Kh\u00f4ng gian ch\u00ednh<\/h2><\/div>\n\n\n\n<div class=\"wp-block-buttons is-layout-flex wp-block-buttons-is-layout-flex\">\n<div class=\"wp-block-button\"><a class=\"wp-block-button__link has-palette-color-1-color has-palette-color-8-background-color has-text-color has-background has-link-color wp-element-button\" href=\"https:\/\/vieinfinity.com\/vi\/reservations\/\">\u0110\u1eb7t b\u00e0n<\/a><\/div>\n<\/div>\n<\/div><\/div><\/div>\n<\/div><\/div>\n<\/div><\/div><\/div>\n\n\n\n<div class=\"wp-block-stackable-column stk-block-column stk-column stk-block stk-2a66fd8\" data-v=\"4\" data-block-id=\"2a66fd8\"><div class=\"stk-column-wrapper stk-block-column__content stk-container stk-2a66fd8-container stk--no-background stk--no-padding\"><div class=\"stk-block-content stk-inner-blocks stk-2a66fd8-inner-blocks\">\n<div class=\"wp-block-stackable-image-box stk-block-image-box stk-hover-parent stk-block stk-8f64ab7 stk-block-background is-style-plain\" data-block-id=\"8f64ab7\"><style>.stk-8f64ab7 {background-color:#5e6f81 !important;min-height:100vh !important;align-items:flex-end !important;display:flex !important;}.stk-8f64ab7:before{background-color:#5e6f81 !important;}<\/style><div class=\"stk-block-content stk-inner-blocks has-text-align-left stk-row stk-block-image-box__content\">\n<div class=\"wp-block-stackable-column stk-block-column stk-column stk-block stk-56030cf\" data-v=\"4\" data-block-id=\"56030cf\"><style>.stk-56030cf-inner-blocks{justify-content:flex-end !important;}.stk-56030cf-container{padding-top:32px !important;padding-right:32px !important;padding-bottom:68px !important;padding-left:68px !important;display:flex !important;}<\/style><div class=\"stk-column-wrapper stk-block-column__content stk-container stk-56030cf-container stk--no-background stk--no-padding\"><div class=\"stk-block-content stk-inner-blocks stk-56030cf-inner-blocks\">\n<p id=\"gspb_text-id-gsbp-f5e8f9c\" class=\"gspb_text gspb_text-id-gsbp-f5e8f9c\"><em>Coming soon<\/em><\/p>\n\n\n\n<div class=\"wp-block-stackable-heading stk-block-heading stk-block-heading--v2 stk-block stk-7d72059\" id=\"private-dining-room\" data-block-id=\"7d72059\"><style>.stk-7d72059 .stk-block-heading__text{color:#FFFFFF !important;}<\/style><h2 class=\"stk-block-heading__text has-text-color has-white-color\">Ph\u00f2ng \u0103n ri\u00eang<\/h2><\/div>\n\n\n\n<div class=\"wp-block-buttons is-layout-flex wp-block-buttons-is-layout-flex\">\n<div class=\"wp-block-button\"><a class=\"wp-block-button__link has-palette-color-1-color has-palette-color-8-background-color has-text-color has-background has-link-color wp-element-button\" href=\"https:\/\/vieinfinity.com\/vi\/reservations\/\">\u0110\u1eb7t b\u00e0n<\/a><\/div>\n<\/div>\n<\/div><\/div><\/div>\n<\/div><\/div>\n<\/div><\/div><\/div>\n<\/div><div class=\"stk-block-carousel__buttons\"><button class=\"stk-block-carousel__button stk-block-carousel__button__prev\" aria-label=\"Previous slide\"><svg aria-hidden=\"true\" focusable=\"false\" data-prefix=\"fas\" data-icon=\"chevron-left\" class=\"svg-inline--fa fa-chevron-left\" xmlns=\"http:\/\/www.w3.org\/2000\/svg\" viewbox=\"0 0 320 512\" width=\"32\" height=\"32\"><path d=\"M34.52 239.03L228.87 44.69c9.37-9.37 24.57-9.37 33.94 0l22.67 22.67c9.36 9.36 9.37 24.52.04 33.9L131.49 256l154.02 154.75c9.34 9.38 9.32 24.54-.04 33.9l-22.67 22.67c-9.37 9.37-24.57 9.37-33.94 0L34.52 272.97c-9.37-9.37-9.37-24.57 0-33.94z\"><\/path><\/svg><\/button><button class=\"stk-block-carousel__button stk-block-carousel__button__next\" aria-label=\"Next slide\"><svg aria-hidden=\"true\" focusable=\"false\" data-prefix=\"fas\" data-icon=\"chevron-right\" class=\"svg-inline--fa fa-chevron-right\" xmlns=\"http:\/\/www.w3.org\/2000\/svg\" viewbox=\"0 0 320 512\" width=\"32\" height=\"32\"><path d=\"M285.476 272.971L91.132 467.314c-9.373 9.373-24.569 9.373-33.941 0l-22.667-22.667c-9.357-9.357-9.375-24.522-.04-33.901L188.505 256 34.484 101.255c-9.335-9.379-9.317-24.544.04-33.901l22.667-22.667c9.373-9.373 24.569-9.373 33.941 0L285.475 239.03c9.373 9.372 9.373 24.568.001 33.941z\"><\/path><\/svg><\/button><\/div><\/div><\/div><\/div>\n<\/div><\/div><\/div>\n<\/div><\/div>\n\n\n\n<div class=\"wp-block-stackable-columns stk-block-columns stk-block stk-58b0aab\" data-block-id=\"58b0aab\"><div class=\"stk-row stk-inner-blocks stk-block-content stk-content-align stk-58b0aab-column\">\n<div class=\"wp-block-stackable-column stk-block-column stk-column stk-block stk-a684833\" data-v=\"4\" data-block-id=\"a684833\"><div class=\"stk-column-wrapper stk-block-column__content stk-container stk-a684833-container stk--no-background stk--no-padding\"><div class=\"stk-block-content stk-inner-blocks stk-a684833-inner-blocks\">\n<iframe src=\"https:\/\/www.google.com\/maps\/embed?pb=!1m18!1m12!1m3!1d3919.0702426998637!2d106.73925387451753!3d10.805932158649858!2m3!1f0!2f0!3f0!3m2!1i1024!2i768!4f13.1!3m3!1m2!1s0x31752615d2b3e1c7%3A0x3b9c4dac58525809!2zNyBOZ3V54buFbiDGryBExKksIFRo4bqjbyDEkGnhu4FuLCBUaOG7pyDEkOG7qWMsIFRow6BuaCBwaOG7kSBI4buTIENow60gTWluaCwgVmlldG5hbQ!5e0!3m2!1sen!2s!4v1773133393879!5m2!1sen!2s\" width=\"1600\" height=\"400\" style=\"border:0;\" allowfullscreen=\"\" loading=\"lazy\" referrerpolicy=\"no-referrer-when-downgrade\"><\/iframe>\n<\/div><\/div><\/div>\n<\/div><\/div>","protected":false},"excerpt":{"rendered":"","protected":false},"author":1,"featured_media":0,"parent":0,"menu_order":0,"comment_status":"closed","ping_status":"closed","template":"","meta":{"_gspb_post_css":".gspb_text-id-gsbp-f5e8f9c{color:var(--wp--preset--color--contrast, #fffffe)}","footnotes":""},"class_list":["post-16","page","type-page","status-publish","hentry"],"blocksy_meta":{"has_hero_section":"disabled","styles_descriptor":{"styles":{"desktop":"","tablet":"","mobile":""},"google_fonts":[],"version":6},"vertical_spacing_source":"custom","content_area_spacing":"bottom"},"_links":{"self":[{"href":"https:\/\/vieinfinity.com\/vi\/wp-json\/wp\/v2\/pages\/16","targetHints":{"allow":["GET"]}}],"collection":[{"href":"https:\/\/vieinfinity.com\/vi\/wp-json\/wp\/v2\/pages"}],"about":[{"href":"https:\/\/vieinfinity.com\/vi\/wp-json\/wp\/v2\/types\/page"}],"author":[{"embeddable":true,"href":"https:\/\/vieinfinity.com\/vi\/wp-json\/wp\/v2\/users\/1"}],"replies":[{"embeddable":true,"href":"https:\/\/vieinfinity.com\/vi\/wp-json\/wp\/v2\/comments?post=16"}],"version-history":[{"count":13,"href":"https:\/\/vieinfinity.com\/vi\/wp-json\/wp\/v2\/pages\/16\/revisions"}],"predecessor-version":[{"id":259,"href":"https:\/\/vieinfinity.com\/vi\/wp-json\/wp\/v2\/pages\/16\/revisions\/259"}],"wp:attachment":[{"href":"https:\/\/vieinfinity.com\/vi\/wp-json\/wp\/v2\/media?parent=16"}],"curies":[{"name":"wp","href":"https:\/\/api.w.org\/{rel}","templated":true}]}}