{"id":17,"date":"2026-01-14T03:47:45","date_gmt":"2026-01-14T03:47:45","guid":{"rendered":"https:\/\/vieinfinity.com\/?page_id=17"},"modified":"2026-04-14T07:53:28","modified_gmt":"2026-04-14T07:53:28","slug":"our-menu","status":"publish","type":"page","link":"https:\/\/vieinfinity.com\/vi\/our-menu\/","title":{"rendered":"TH\u1ef0C \u0110\u01a0N"},"content":{"rendered":"<div class=\"wp-block-stackable-spacer alignfull stk-block-spacer stk--no-padding stk-block stk-841a88d stk-block-background\" data-block-id=\"841a88d\"><style>.stk-841a88d {height:86px !important;background-color:#5e6f81 !important;}.stk-841a88d:before{background-color:#5e6f81 !important;}<\/style><\/div>\n\n\n\n<div class=\"wp-block-stackable-columns alignfull stk-block-columns stk-block stk-0f22483 stk-block-background stk--has-background-overlay\" data-block-id=\"0f22483\"><style>.stk-0f22483 {background-image:url(https:\/\/vieinfinity.com\/wp-content\/uploads\/2026\/02\/Untitled-design-7.png) !important;min-height:95vh !important;align-items:flex-start !important;display:flex !important;}.stk-0f22483:before{opacity:0 !important;}<\/style><div class=\"stk-row stk-inner-blocks stk-block-content stk-content-align stk-0f22483-column alignfull\">\n<div class=\"wp-block-stackable-column stk-block-column stk-column stk-block stk-3abe76e\" data-v=\"4\" data-block-id=\"3abe76e\"><div class=\"stk-column-wrapper stk-block-column__content stk-container stk-3abe76e-container stk--no-background stk--no-padding\"><div class=\"stk-block-content stk-inner-blocks stk-3abe76e-inner-blocks\">\n<div class=\"wp-block-stackable-columns stk-block-columns stk-block stk-667bb70\" data-block-id=\"667bb70\"><style>.stk-667bb70-column{max-width:1290px !important;min-width:auto !important;}<\/style><div class=\"stk-row stk-inner-blocks stk-block-content stk-content-align stk-667bb70-column\">\n<div class=\"wp-block-stackable-column stk-block-column stk-column stk-block stk-e91c0fe\" data-v=\"4\" data-block-id=\"e91c0fe\"><style>.stk-e91c0fe-inner-blocks{justify-content:space-evenly !important;}.stk-e91c0fe {padding-top:var(--stk--preset--spacing--20, 0.44rem) !important;padding-right:var(--stk--preset--spacing--20, 0.44rem) !important;padding-bottom:var(--stk--preset--spacing--20, 0.44rem) !important;padding-left:var(--stk--preset--spacing--20, 0.44rem) !important;}@media screen and (min-width:690px){.stk-e91c0fe {flex:var(--stk-flex-grow, 1) 1 calc(62% - var(--stk-column-gap, 0px) * 1 \/ 2 ) !important;}}<\/style><div class=\"stk-column-wrapper stk-block-column__content stk-container stk-e91c0fe-container stk--no-background stk--no-padding\"><div class=\"stk--column-flex stk-block-content stk-inner-blocks stk-e91c0fe-inner-blocks\">\n<div class=\"wp-block-stackable-spacer stk-block-spacer stk--hide-tablet stk--hide-mobile stk--no-padding stk-block stk-eda1837\" data-block-id=\"eda1837\"><style>.stk-eda1837 {height:20px !important;}<\/style><\/div>\n\n\n\n<div class=\"wp-block-stackable-heading stk-block-heading stk-block-heading--v2 stk-block stk-2ebc81c\" id=\"vie-infinity-a-french-omakase-experience\" data-block-id=\"2ebc81c\"><style>.stk-2ebc81c {padding-top:var(--stk--preset--spacing--30, 0.67rem) !important;}<\/style><h2 class=\"stk-block-heading__text\">Vie Infinity \u2013 Tr\u1ea3i Nghi\u1ec7m Omakase ki\u1ec3u Ph\u00e1p<\/h2><\/div>\n\n\n\n<p class=\"has-palette-color-1-color has-text-color has-link-color wp-elements-5548f9e022804af8d2fed3ca57e19222\">Th\u1ef1c \u0111\u01a1n c\u1ee7a ch\u00fang t\u00f4i t\u00e1i hi\u1ec7n \u1ea9m th\u1ef1c Nh\u1eadt B\u1ea3n qua l\u0103ng k\u00ednh k\u1ef9 thu\u1eadt Ph\u00e1p tinh luy\u1ec7n, l\u1ea5y c\u1ea3m h\u1ee9ng t\u1eeb s\u1ef1 phong ph\u00fa c\u1ee7a c\u00e1c lo\u00e0i c\u00e1 t\u1ea1i Vi\u1ec7t Nam.<\/p>\n\n\n\n<p>B\u1eefa t\u1ed1i<\/p>\n\n\n\n<p>T\u1ed5ng th\u1eddi l\u01b0\u1ee3ng b\u1eefa t\u1ed1i kho\u1ea3ng 2,5 gi\u1edd<\/p>\n\n\n\n<p>Th\u1ee9 ba \u0111\u1ebfn Ch\u1ee7 nh\u1eadt<\/p>\n\n\n\n<p>2,500,000 ++ VND (for 8-course menu)<\/p>\n\n\n\n<div class=\"wp-block-stackable-button-group stk-block-button-group stk-block stk-0905d63\" data-block-id=\"0905d63\"><div class=\"stk-row stk-inner-blocks stk-block-content stk-button-group\">\n<div class=\"wp-block-stackable-button stk-block-button is-style-ghost stk-block stk-a6da66b\" data-block-id=\"a6da66b\"><style>.stk-a6da66b .stk-button{background:transparent !important;}.stk-a6da66b .stk-button:hover:after{background:transparent !important;opacity:1 !important;}:where(.stk-hover-parent:hover,  .stk-hover-parent.stk--is-hovered) .stk-a6da66b .stk-button:after{background:transparent !important;opacity:1 !important;}.stk-a6da66b .stk-button:before{border-style:solid !important;border-color:var(--theme-palette-color-1, #001639) !important;}.stk-a6da66b .stk-button .stk--inner-svg svg:last-child, .stk-a6da66b .stk-button .stk--inner-svg svg:last-child :is(g, path, rect, polygon, ellipse){fill:var(--theme-palette-color-1, #001639) !important;}.stk-a6da66b .stk-button__inner-text{color:var(--theme-palette-color-1, #001639) !important;}<\/style><a class=\"stk-link stk-button stk--hover-effect-darken\" href=\"https:\/\/vieinfinity.com\/vi\/reservations\/\"><span class=\"has-text-color stk-button__inner-text\">\u0110\u1eb7t b\u00e0n<\/span><\/a><\/div>\n<\/div><\/div>\n<\/div><\/div><\/div>\n\n\n\n<div class=\"wp-block-stackable-column stk-block-column stk-column stk-block stk-170a0ab\" data-v=\"4\" data-block-id=\"170a0ab\"><style>@media screen and (min-width:690px){.stk-170a0ab {flex:var(--stk-flex-grow, 1) 1 calc(38% - var(--stk-column-gap, 0px) * 1 \/ 2 ) !important;}}<\/style><div class=\"stk-column-wrapper stk-block-column__content stk-container stk-170a0ab-container stk--no-background stk--no-padding\"><div class=\"stk-block-content stk-inner-blocks stk-170a0ab-inner-blocks\"><\/div><\/div><\/div>\n<\/div><\/div>\n<\/div><\/div><\/div>\n<\/div><\/div>","protected":false},"excerpt":{"rendered":"<p>Vie Infinity &#8211; A French Omakase Experience Our menu reinterprets traditional Omakase through refined French techniques, inspired by the endless diversity of fish species from Vietnam. Dinner Total duration of dinner is approximately 2.5 hrs Tuesday to Sunday 2,500,000 ++ VND (for 8-course menu) Reservations<\/p>","protected":false},"author":1,"featured_media":0,"parent":0,"menu_order":0,"comment_status":"closed","ping_status":"closed","template":"","meta":{"_gspb_post_css":"","footnotes":""},"class_list":["post-17","page","type-page","status-publish","hentry"],"blocksy_meta":{"has_hero_section":"disabled","styles_descriptor":{"styles":{"desktop":"","tablet":"","mobile":""},"google_fonts":[],"version":6},"vertical_spacing_source":"custom","content_area_spacing":"none"},"_links":{"self":[{"href":"https:\/\/vieinfinity.com\/vi\/wp-json\/wp\/v2\/pages\/17","targetHints":{"allow":["GET"]}}],"collection":[{"href":"https:\/\/vieinfinity.com\/vi\/wp-json\/wp\/v2\/pages"}],"about":[{"href":"https:\/\/vieinfinity.com\/vi\/wp-json\/wp\/v2\/types\/page"}],"author":[{"embeddable":true,"href":"https:\/\/vieinfinity.com\/vi\/wp-json\/wp\/v2\/users\/1"}],"replies":[{"embeddable":true,"href":"https:\/\/vieinfinity.com\/vi\/wp-json\/wp\/v2\/comments?post=17"}],"version-history":[{"count":15,"href":"https:\/\/vieinfinity.com\/vi\/wp-json\/wp\/v2\/pages\/17\/revisions"}],"predecessor-version":[{"id":264,"href":"https:\/\/vieinfinity.com\/vi\/wp-json\/wp\/v2\/pages\/17\/revisions\/264"}],"wp:attachment":[{"href":"https:\/\/vieinfinity.com\/vi\/wp-json\/wp\/v2\/media?parent=17"}],"curies":[{"name":"wp","href":"https:\/\/api.w.org\/{rel}","templated":true}]}}