{"id":25,"date":"2026-01-14T03:48:21","date_gmt":"2026-01-14T03:48:21","guid":{"rendered":"https:\/\/vieinfinity.com\/?page_id=25"},"modified":"2026-02-28T08:21:21","modified_gmt":"2026-02-28T08:21:21","slug":"reservations","status":"publish","type":"page","link":"https:\/\/vieinfinity.com\/vi\/reservations\/","title":{"rendered":"\u0110\u1eb7t b\u00e0n"},"content":{"rendered":"<div class=\"wp-block-stackable-columns alignfull stk-block-columns stk-block stk-61ae996\" data-block-id=\"61ae996\"><style>.stk-61ae996 .stk--block-align-61ae996{align-items:stretch !important;}.stk-61ae996 {min-height:100vh !important;margin-bottom:50px !important;}<\/style><div class=\"stk-row stk-inner-blocks stk--block-align-61ae996 stk-block-content stk-content-align stk-61ae996-column alignfull\">\n<div class=\"wp-block-stackable-column stk-block-column stk-column stk-block stk-ac641a5\" data-v=\"4\" data-block-id=\"ac641a5\"><div class=\"stk-column-wrapper stk-block-column__content stk-container stk-ac641a5-container stk--no-background stk--no-padding\"><div class=\"stk-block-content stk-inner-blocks stk-ac641a5-inner-blocks\">\n<div class=\"wp-block-stackable-spacer stk-block-spacer stk--no-padding stk-block stk-8686cdb stk-block-background\" data-block-id=\"8686cdb\"><style>.stk-8686cdb {height:86px !important;background-color:#5e6f81 !important;}.stk-8686cdb:before{background-color:#5e6f81 !important;}<\/style><\/div>\n\n\n\n<div class=\"wp-block-stackable-spacer stk-block-spacer stk--hide-tablet stk--hide-mobile stk--no-padding stk-block stk-8d66c0e\" data-block-id=\"8d66c0e\"><style>.stk-8d66c0e {height:86px !important;}<\/style><\/div>\n\n\n\n<div class=\"wp-block-stackable-columns stk-block-columns stk-block stk-bf41a7e\" data-block-id=\"bf41a7e\"><style>.stk-bf41a7e {padding-top:var(--stk--preset--spacing--20, 0.44rem) !important;padding-right:var(--stk--preset--spacing--20, 0.44rem) !important;padding-bottom:var(--stk--preset--spacing--20, 0.44rem) !important;padding-left:var(--stk--preset--spacing--20, 0.44rem) !important;}.stk-bf41a7e-column{max-width:60% !important;min-width:auto !important;}@media screen and (max-width:999px){.stk-bf41a7e-column{max-width:90% !important;min-width:auto !important;}}<\/style><div class=\"stk-row stk-inner-blocks stk-block-content stk-content-align stk-bf41a7e-column\">\n<div class=\"wp-block-stackable-column stk-block-column stk-column stk-block stk-3a9c1dd\" data-v=\"4\" data-block-id=\"3a9c1dd\"><div class=\"stk-column-wrapper stk-block-column__content stk-container stk-3a9c1dd-container stk--no-background stk--no-padding\"><div class=\"stk-block-content stk-inner-blocks stk-3a9c1dd-inner-blocks\">\n<div class=\"wp-block-stackable-heading stk-block-heading stk-block-heading--v2 stk-block stk-c57684f\" id=\"our-policy\" data-block-id=\"c57684f\"><style>.stk-c57684f {padding-top:var(--stk--preset--spacing--20, 0.44rem) !important;padding-right:var(--stk--preset--spacing--20, 0.44rem) !important;padding-bottom:var(--stk--preset--spacing--20, 0.44rem) !important;padding-left:var(--stk--preset--spacing--20, 0.44rem) !important;}<\/style><h2 class=\"stk-block-heading__text has-text-align-center\">QUY \u0110\u1ecaNH NH\u00c0 H\u00c0NG<\/h2><\/div>\n\n\n\n<div class=\"wp-block-stackable-heading stk-block-heading stk-block-heading--v2 stk-block stk-e4ae715\" id=\"strong-dietary-restrictions-amp-allergies-strong\" data-block-id=\"e4ae715\"><h5 class=\"stk-block-heading__text\"><strong>Y\u00eau c\u1ea7u v\u1ec1 \u0103n ki\u00eang v\u00e0 d\u1ecb \u1ee9ng th\u1ef1c ph\u1ea9m:<\/strong><\/h5><\/div>\n\n\n\n<ul class=\"wp-block-list\">\n<li>Menu c\u1ee7a ch\u00fang t\u00f4i bao g\u1ed3m c\u00e1c th\u00e0nh ph\u1ea7n ch\u00ednh t\u1eeb h\u1ea3i s\u1ea3n, gi\u00e1p x\u00e1c, c\u00e1c lo\u1ea1i gia v\u1ecb, th\u1ea3o m\u1ed9c, c\u0169ng nh\u01b0 nh\u1eefng th\u00e0nh ph\u1ea7n c\u00f3 ch\u1ee9a s\u1eefa v\u00e0 b\u1ed9t m\u00ec. V\u00ec th\u1ebf, ch\u00fang t\u00f4i mong qu\u00fd kh\u00e1ch th\u00f4ng c\u1ea3m khi nh\u00e0 h\u00e0ng ch\u01b0a th\u1ec3 ph\u1ee5c v\u1ee5 kh\u00e1ch h\u00e0ng \u0103n chay ho\u1eb7c kh\u00f4ng th\u1ec3 d\u00f9ng \u0111\u01b0\u1ee3c nh\u1eefng nguy\u00ean li\u1ec7u tr\u00ean. C\u00e1c y\u00eau c\u1ea7u v\u1ec1 ch\u1ebf \u0111\u1ed9 \u0103n v\u00e0o ph\u00fat ch\u00f3t c\u0169ng kh\u00f4ng th\u1ec3 \u0111\u01b0\u1ee3c \u0111\u00e1p \u1ee9ng.<\/li>\n\n\n\n<li>S\u1ef1 an to\u00e0n v\u00e0 s\u1ee9c kh\u1ecfe c\u1ee7a qu\u00fd kh\u00e1ch lu\u00f4n l\u00e0 \u01b0u ti\u00ean h\u00e0ng \u0111\u1ea7u c\u1ee7a ch\u00fang t\u00f4i. \u0110\u1ed1i v\u1edbi nh\u1eefng th\u1ef1c kh\u00e1ch c\u00f3 d\u1ecb \u1ee9ng ho\u1eb7c kh\u00f4ng dung n\u1ea1p th\u1ef1c ph\u1ea9m \u1edf m\u1ee9c \u0111\u1ed9 nghi\u00eam tr\u1ecdng, ch\u00fang t\u00f4i kh\u00f4ng khuy\u1ebfn ngh\u1ecb \u0111\u1eb7t b\u00e0n trong nh\u1eefng tr\u01b0\u1eddng h\u1ee3p n\u00e0y.<\/li>\n\n\n\n<li>Ch\u00fang t\u00f4i ch\u00e0o \u0111\u00f3n tr\u1ebb em t\u1eeb 10 tu\u1ed5i tr\u1edf l\u00ean. Xin l\u01b0u \u00fd r\u1eb1ng tr\u1ebb em s\u1ebd \u0111\u01b0\u1ee3c ph\u1ee5c v\u1ee5 c\u00f9ng m\u1ed9t th\u1ef1c \u0111\u01a1n nh\u01b0 ng\u01b0\u1eddi l\u1edbn v\u00ec nh\u00e0 h\u00e0ng kh\u00f4ng c\u00f3 th\u1ef1c \u0111\u01a1n ri\u00eang cho tr\u1ebb em.<\/li>\n\n\n\n<li><strong>\u0110\u1ed1i v\u1edbi th\u1ef1c kh\u00e1ch \u0111ang mang thai:<\/strong> Th\u1ef1c \u0111\u01a1n c\u1ee7a ch\u00fang t\u00f4i c\u00f3 bao g\u1ed3m c\u00e1 s\u1ed1ng, h\u1ea3i s\u1ea3n s\u1ed1ng v\u00e0 nguy\u00ean li\u1ec7u l\u00ean men. Ch\u00fang t\u00f4i c\u00f3 th\u1ec3 linh ho\u1ea1t n\u1ea5u ch\u00edn ho\u00e0n to\u00e0n h\u1ea3i s\u1ea3n s\u1ed1ng tr\u01b0\u1edbc khi ph\u1ee5c v\u1ee5. K\u00ednh mong qu\u00fd kh\u00e1ch th\u00f4ng b\u00e1o cho \u0111\u1ed9i ng\u0169 c\u1ee7a ch\u00fang t\u00f4i ngay t\u1ea1i th\u1eddi \u0111i\u1ec3m \u0111\u1eb7t b\u00e0n \u0111\u1ec3 ch\u00fang t\u00f4i c\u00f3 th\u1ec3 chu\u1ea9n b\u1ecb ph\u00f9 h\u1ee3p.<\/li>\n<\/ul>\n\n\n\n<div class=\"wp-block-stackable-heading stk-block-heading stk-block-heading--v2 stk-block stk-62b2dff\" id=\"strong-corkage-policy-strong\" data-block-id=\"62b2dff\"><h5 class=\"stk-block-heading__text\"><strong>Ph\u00ed m\u1edf r\u01b0\u1ee3u<\/strong><\/h5><\/div>\n\n\n\n<ul class=\"wp-block-list\">\n<li>R\u01b0\u1ee3u vang ho\u1eb7c Champagne: <strong>1,000,000++ VN\u0110<\/strong> \/ chai 750ml<\/li>\n\n\n\n<li>R\u01b0\u1ee3u m\u1ea1nh (Spirits): <strong>1,500,000++ VN\u0110<\/strong> \/ chai<\/li>\n\n\n\n<li><strong>Ch\u00ednh s\u00e1ch 1 t\u1eb7ng 1:<\/strong> Ph\u00ed m\u1edf r\u01b0\u1ee3u s\u1ebd \u0111\u01b0\u1ee3c mi\u1ec5n khi qu\u00fd kh\u00e1ch mang theo 1 chai v\u00e0 \u0111\u1ed3ng th\u1eddi g\u1ecdi 1 chai t\u1eeb danh s\u00e1ch r\u01b0\u1ee3u c\u1ee7a nh\u00e0 h\u00e0ng.<\/li>\n\n\n\n<li><strong>Tr\u01b0\u1eddng h\u1ee3p r\u01b0\u1ee3u tr\u00f9ng v\u1edbi danh s\u00e1ch r\u01b0\u1ee3u c\u1ee7a nh\u00e0 h\u00e0ng: Ph\u00ed m\u1edf r\u01b0\u1ee3u s\u1ebd \u0111\u01b0\u1ee3c \u00e1p d\u1ee5ng b\u1eb1ng 50% gi\u00e1 ni\u00eam y\u1ebft c\u1ee7a chai r\u01b0\u1ee3u \u0111\u00f3 tr\u00ean danh s\u00e1ch r\u01b0\u1ee3u c\u1ee7a ch\u00fang t\u00f4i.<\/strong><\/li>\n<\/ul>\n\n\n\n<div class=\"wp-block-stackable-heading stk-block-heading stk-block-heading--v2 stk-block stk-aef61be\" id=\"reservation-confirmation-amp-cancellation\" data-block-id=\"aef61be\"><h5 class=\"stk-block-heading__text\">X\u00e1c nh\u1eadn &amp; H\u1ee7y \u0111\u1eb7t b\u00e0n<\/h5><\/div>\n\n\n\n<ul class=\"wp-block-list\">\n<li>Vi\u1ec7c \u0111\u1eb7t b\u00e0n \u0111\u01b0\u1ee3c xem l\u00e0 x\u00e1c nh\u1eadn th\u00e0nh c\u00f4ng khi qu\u00fd kh\u00e1ch nh\u1eadn \u0111\u01b0\u1ee3c email ho\u1eb7c tin nh\u1eafn x\u00e1c nh\u1eadn t\u1eeb ch\u00fang t\u00f4i.<\/li>\n\n\n\n<li>B\u00e0n s\u1ebd \u0111\u01b0\u1ee3c gi\u1eef t\u1ed1i \u0111a <strong>20 ph\u00fat<\/strong> sau th\u1eddi gian n\u00e0y, vi\u1ec7c \u0111\u1eb7t b\u00e0n s\u1ebd t\u1ef1 \u0111\u1ed9ng b\u1ecb h\u1ee7y.<\/li>\n\n\n\n<li>\u0110\u1ed1i v\u1edbi nh\u00f3m <strong>t\u1eeb 5 kh\u00e1ch tr\u1edf l\u00ean<\/strong>qu\u00fd kh\u00e1ch vui l\u00f2ng \u0111\u1eb7t c\u1ecdc <strong>50% gi\u00e1 th\u1ef1c \u0111\u01a1n set tr\u00ean m\u1ed7i kh\u00e1ch<\/strong> is required.<\/li>\n\n\n\n<li>M\u1ee9c chi ti\u00eau t\u1ed1i thi\u1ec3u cho <strong>Ph\u00f2ng \u0103n ri\u00eang<\/strong> l\u00e0 <strong>10.000.000++ VN\u0110<\/strong>.<\/li>\n\n\n\n<li><strong>V\u1edbi c\u00e1c \u0111\u1eb7t b\u00e0n theo nh\u00f3m, xin vui l\u00f2ng li\u00ean h\u1ec7 tr\u1ef1c ti\u1ebfp v\u1edbi ch\u00fang t\u00f4i \u0111\u1ec3 \u0111\u01b0\u1ee3c h\u1ed7 tr\u1ee3 m\u1ed9t c\u00e1ch t\u1ed1t nh\u1ea5t.<\/strong><\/li>\n\n\n\n<li>Ch\u00fang t\u00f4i \u0111\u00f3ng c\u1eeda v\u00e0o m\u1ed7i <strong>Th\u1ee9 hai.<\/strong>R\u1ea5t mong qu\u00fd kh\u00e1ch th\u00f4ng c\u1ea3m n\u1ebfu vi\u1ec7c ph\u1ea3n h\u1ed3i c\u1ee7a ch\u00fang t\u00f4i c\u00f3 ch\u1eadm tr\u1ec5.<\/li>\n<\/ul>\n\n\n\n<div class=\"wp-block-stackable-heading stk-block-heading stk-block-heading--v2 stk-block stk-d091180\" id=\"strong-dress-code-strong\" data-block-id=\"d091180\"><h5 class=\"stk-block-heading__text\"><strong>Trang ph\u1ee5c<\/strong><\/h5><\/div>\n\n\n\n<ul class=\"wp-block-list\">\n<li>N\u00ean m\u1eb7c trang ph\u1ee5c l\u1ecbch s\u1ef1, tho\u1ea3i m\u00e1i<\/li>\n<\/ul>\n<\/div><\/div><\/div>\n<\/div><\/div>\n<\/div><\/div><\/div>\n<\/div><\/div>\n\n\n\n<div class=\"wp-block-stackable-button-group stk-block-button-group stk-block stk-5cf9c52\" data-block-id=\"5cf9c52\"><div class=\"stk-row stk-inner-blocks has-text-align-center stk-block-content stk-button-group\">\n<div class=\"wp-block-stackable-button stk-block-button has-text-align-center is-style-ghost stk-block stk-f633790\" data-block-id=\"f633790\"><style>.stk-f633790 .stk-button{background:transparent !important;}.stk-f633790 .stk-button:hover:after{background:transparent !important;opacity:1 !important;}:where(.stk-hover-parent:hover,  .stk-hover-parent.stk--is-hovered) .stk-f633790 .stk-button:after{background:transparent !important;opacity:1 !important;}.stk-f633790 .stk-button:before{border-style:solid !important;border-color:var(--theme-palette-color-1, #001639) !important;}.stk-f633790 .stk-button .stk--inner-svg svg:last-child, .stk-f633790 .stk-button .stk--inner-svg svg:last-child :is(g, path, rect, polygon, ellipse){fill:var(--theme-palette-color-1, #001639) !important;}.stk-f633790 .stk-button__inner-text{color:var(--theme-palette-color-1, #001639) !important;}<\/style><a class=\"stk-link stk-button stk--hover-effect-darken\" href=\"https:\/\/www.tablecheck.com\/en\/vie-infinity\/reserve\/landing?utm-source=website\" target=\"_blank\" rel=\"noopener\"><span class=\"has-text-color stk-button__inner-text\">Nh\u1ea5n \u0111\u1ec3 \u0111\u1eb7t b\u00e0n<\/span><\/a><\/div>\n<\/div><\/div>","protected":false},"excerpt":{"rendered":"<p>OUR POLICY Dietary Restrictions &amp; Allergies Corkage Policy Reservation Confirmation &amp; Cancellation Dress Code Click Here To Reserve<\/p>","protected":false},"author":1,"featured_media":0,"parent":0,"menu_order":0,"comment_status":"closed","ping_status":"closed","template":"","meta":{"_gspb_post_css":"","footnotes":""},"class_list":["post-25","page","type-page","status-publish","hentry"],"blocksy_meta":{"has_hero_section":"disabled","styles_descriptor":{"styles":{"desktop":"","tablet":"","mobile":""},"google_fonts":[],"version":6},"vertical_spacing_source":"custom","content_area_spacing":"bottom"},"_links":{"self":[{"href":"https:\/\/vieinfinity.com\/vi\/wp-json\/wp\/v2\/pages\/25","targetHints":{"allow":["GET"]}}],"collection":[{"href":"https:\/\/vieinfinity.com\/vi\/wp-json\/wp\/v2\/pages"}],"about":[{"href":"https:\/\/vieinfinity.com\/vi\/wp-json\/wp\/v2\/types\/page"}],"author":[{"embeddable":true,"href":"https:\/\/vieinfinity.com\/vi\/wp-json\/wp\/v2\/users\/1"}],"replies":[{"embeddable":true,"href":"https:\/\/vieinfinity.com\/vi\/wp-json\/wp\/v2\/comments?post=25"}],"version-history":[{"count":4,"href":"https:\/\/vieinfinity.com\/vi\/wp-json\/wp\/v2\/pages\/25\/revisions"}],"predecessor-version":[{"id":245,"href":"https:\/\/vieinfinity.com\/vi\/wp-json\/wp\/v2\/pages\/25\/revisions\/245"}],"wp:attachment":[{"href":"https:\/\/vieinfinity.com\/vi\/wp-json\/wp\/v2\/media?parent=25"}],"curies":[{"name":"wp","href":"https:\/\/api.w.org\/{rel}","templated":true}]}}